{"id":19690,"date":"2026-01-08T15:09:45","date_gmt":"2026-01-08T14:09:45","guid":{"rendered":"https:\/\/hofgut-menschenhaus.de\/?post_type=product&#038;p=19690"},"modified":"2026-03-27T14:22:40","modified_gmt":"2026-03-27T13:22:40","slug":"silvesterparty-31-12-2026-19-03-uhr-inkl-dinner-und-getraenke","status":"publish","type":"product","link":"https:\/\/hofgut-menschenhaus.de\/de_de\/veranstaltung\/silvesterparty-31-12-2026-19-03-uhr-inkl-dinner-und-getraenke\/","title":{"rendered":"Silvesterparty (31.12.2026 19-03 Uhr) inkl. Dinner und Getr\u00e4nke*"},"content":{"rendered":"<p>Hofgut im Chalet<\/p>\n<p>Beginn 19 Uhr<\/p>\n<p>-Ende 03 Uhr<\/p>\n<p>Galadinner inklusive Getr\u00e4nke<\/p>\n<p>DJ<\/p>\n<p>Whiskey und Ginbar<\/p>\n<p>Champagnerbar<\/p>\n<p>Mitternachtssnack<\/p>\n<p><img fetchpriority=\"high\" decoding=\"async\" class=\"alignnone size-full wp-image-19698\" src=\"https:\/\/hofgut-menschenhaus.de\/wp-content\/uploads\/2026\/01\/20251231_180830.jpg\" alt=\"\" width=\"1000\" height=\"667\" srcset=\"https:\/\/hofgut-menschenhaus.de\/wp-content\/uploads\/2026\/01\/20251231_180830.jpg 1000w, https:\/\/hofgut-menschenhaus.de\/wp-content\/uploads\/2026\/01\/20251231_180830-400x267.jpg 400w, https:\/\/hofgut-menschenhaus.de\/wp-content\/uploads\/2026\/01\/20251231_180830-768x512.jpg 768w, https:\/\/hofgut-menschenhaus.de\/wp-content\/uploads\/2026\/01\/20251231_180830-18x12.jpg 18w\" sizes=\"(max-width: 1000px) 100vw, 1000px\" \/><\/p>\n<table width=\"444\">\n<tbody>\n<tr>\n<td width=\"444\">Silvesterbuffet<\/td>\n<\/tr>\n<tr>\n<td width=\"444\"><\/td>\n<\/tr>\n<tr>\n<td width=\"444\">Vorspeise:<\/td>\n<\/tr>\n<tr>\n<td width=\"444\">Rote Beete Crespelle mit R\u00e4ucherforelle<\/td>\n<\/tr>\n<tr>\n<td width=\"444\">Blumenkohl-BBQ-Wings<\/td>\n<\/tr>\n<tr>\n<td width=\"444\">R\u00e4ucherlachspralinchen<\/td>\n<\/tr>\n<tr>\n<td width=\"444\">Mediterrane Gem\u00fcsespie\u00dfe mit Pesto<\/td>\n<\/tr>\n<tr>\n<td width=\"444\">Garnelenspie\u00df mit Chorizo<\/td>\n<\/tr>\n<tr>\n<td width=\"444\">Blinis mit Eismeergarnelen<\/td>\n<\/tr>\n<tr>\n<td width=\"444\">Tomaten-Ovolini-Spie\u00dfe mit Basilikum<\/td>\n<\/tr>\n<tr>\n<td width=\"444\">H\u00e4hnchenbrust im Tempurateig<\/td>\n<\/tr>\n<tr>\n<td width=\"444\">Rosa gebratene Kalbsmedaillons mit Preiselbeerdip<\/td>\n<\/tr>\n<tr>\n<td width=\"444\">Tartlettes mit Roter Beete und Ziegenk\u00e4se<\/td>\n<\/tr>\n<tr>\n<td width=\"444\"><\/td>\n<\/tr>\n<tr>\n<td width=\"444\">Dipsaucen:<\/td>\n<\/tr>\n<tr>\n<td width=\"444\">Tomatenbutter<\/td>\n<\/tr>\n<tr>\n<td width=\"444\">Basilikum-Pesto<\/td>\n<\/tr>\n<tr>\n<td width=\"444\">Aioli<\/td>\n<\/tr>\n<tr>\n<td width=\"444\"><\/td>\n<\/tr>\n<tr>\n<td width=\"444\">Salat im Gl\u00e4sschen<\/td>\n<\/tr>\n<tr>\n<td width=\"444\">Kartoffelsalat im Weckglas mit gebratenen Lyonerchips<\/td>\n<\/tr>\n<tr>\n<td width=\"444\">Algensalat mit Jakobsmuschel am Spie\u00df<\/td>\n<\/tr>\n<tr>\n<td width=\"444\">Bulgursalat\u00a0 (vegan) mit MInze und Granatapfel<\/td>\n<\/tr>\n<tr>\n<td width=\"444\">Feldsalat mit Avocado-Birnen-Dressing und karamelli. Mandeln<\/td>\n<\/tr>\n<tr>\n<td width=\"444\"><\/td>\n<\/tr>\n<tr>\n<td width=\"444\">Hauptgerichte:<\/td>\n<\/tr>\n<tr>\n<td width=\"444\">Farfalle in S\u00fc\u00dfkartoffel-Kokoscreme mit Koriander (bitte Koriander Seperat)<\/td>\n<\/tr>\n<tr>\n<td width=\"444\">Sp\u00e4tzle nach &#8220;Hausmacher Art&#8221;<\/td>\n<\/tr>\n<tr>\n<td width=\"444\"><\/td>\n<\/tr>\n<tr>\n<td width=\"444\">Gef\u00fcllte Poulardenbrust in Steinpilzcreme<\/td>\n<\/tr>\n<tr>\n<td width=\"444\">Kartoffelgratin<\/td>\n<\/tr>\n<tr>\n<td width=\"444\">Winterliches Gem\u00fcse<\/td>\n<\/tr>\n<tr>\n<td width=\"444\"><\/td>\n<\/tr>\n<tr>\n<td width=\"444\">Lachsfilet gegrillt in Zitronen-Dillcreme<\/td>\n<\/tr>\n<tr>\n<td width=\"444\">Ebly<\/td>\n<\/tr>\n<tr>\n<td width=\"444\"><\/td>\n<\/tr>\n<tr>\n<td width=\"444\">Von unserer Tellerbar:<\/td>\n<\/tr>\n<tr>\n<td width=\"444\">Roastbeef Niedertemperatur gegart mit Baroloso\u00dfe<\/td>\n<\/tr>\n<tr>\n<td width=\"444\">Grenaillekart\u00f6ffelchen mit Thymain-K\u00fcrbisgem\u00fcse<\/td>\n<\/tr>\n<tr>\n<td width=\"444\"><\/td>\n<\/tr>\n<tr>\n<td width=\"444\">Linguine mit Garnelen in Rieslingcreme und Parmesan<\/td>\n<\/tr>\n<tr>\n<td width=\"444\"><\/td>\n<\/tr>\n<tr>\n<td width=\"444\">Bunter Brotkorb:<\/td>\n<\/tr>\n<tr>\n<td width=\"444\">Brotkorb und Partybr\u00f6tchen gemischt<\/td>\n<\/tr>\n<tr>\n<td width=\"444\">Zwiebelflutes,Ciabatta<\/td>\n<\/tr>\n<tr>\n<td width=\"444\">Baguette<\/td>\n<\/tr>\n<tr>\n<td width=\"444\"><\/td>\n<\/tr>\n<tr>\n<td width=\"444\">Dessert in Gl\u00e4sschen:<\/td>\n<\/tr>\n<tr>\n<td width=\"444\">Mousse au Chocolat mit Eierlik\u00f6rso\u00dfe<\/td>\n<\/tr>\n<tr>\n<td width=\"444\">Veganes Orangen-Panna-Cotta mit Schokoladen-Mokka-Ganache<\/td>\n<\/tr>\n<tr>\n<td width=\"444\">Obstspie\u00dfe<\/td>\n<\/tr>\n<tr>\n<td width=\"444\">Caipirinha Mousse<\/td>\n<\/tr>\n<tr>\n<td width=\"444\">K\u00e4sebrett mit verschiedenen Sorten, dazu Obst garniert<\/td>\n<\/tr>\n<\/tbody>\n<\/table>\n","protected":false},"excerpt":{"rendered":"<p><img decoding=\"async\" class=\"alignnone size-full wp-image-18641\" src=\"https:\/\/hofgut-menschenhaus.de\/wp-content\/uploads\/2025\/10\/Black-and-Gold-Elegant-New-Year-Eve-Party-Flyer_20251022_005736_0000.jpg\" alt=\"\" width=\"1414\" height=\"2000\" srcset=\"https:\/\/hofgut-menschenhaus.de\/wp-content\/uploads\/2025\/10\/Black-and-Gold-Elegant-New-Year-Eve-Party-Flyer_20251022_005736_0000.jpg 1414w, https:\/\/hofgut-menschenhaus.de\/wp-content\/uploads\/2025\/10\/Black-and-Gold-Elegant-New-Year-Eve-Party-Flyer_20251022_005736_0000-212x300.jpg 212w, https:\/\/hofgut-menschenhaus.de\/wp-content\/uploads\/2025\/10\/Black-and-Gold-Elegant-New-Year-Eve-Party-Flyer_20251022_005736_0000-566x800.jpg 566w, https:\/\/hofgut-menschenhaus.de\/wp-content\/uploads\/2025\/10\/Black-and-Gold-Elegant-New-Year-Eve-Party-Flyer_20251022_005736_0000-768x1086.jpg 768w, https:\/\/hofgut-menschenhaus.de\/wp-content\/uploads\/2025\/10\/Black-and-Gold-Elegant-New-Year-Eve-Party-Flyer_20251022_005736_0000-1086x1536.jpg 1086w, https:\/\/hofgut-menschenhaus.de\/wp-content\/uploads\/2025\/10\/Black-and-Gold-Elegant-New-Year-Eve-Party-Flyer_20251022_005736_0000-8x12.jpg 8w, https:\/\/hofgut-menschenhaus.de\/wp-content\/uploads\/2025\/10\/Black-and-Gold-Elegant-New-Year-Eve-Party-Flyer_20251022_005736_0000-1000x1414.jpg 1000w\" sizes=\"(max-width: 1414px) 100vw, 1414px\" \/><\/p>\n","protected":false},"author":1,"featured_media":19698,"comment_status":"closed","ping_status":"closed","template":"","meta":[],"product_brand":[],"product_cat":[180,20],"product_tag":[],"class_list":{"0":"post-19690","1":"product","2":"type-product","3":"status-publish","4":"has-post-thumbnail","6":"product_cat-silvester-veranstaltungen","7":"product_cat-veranstaltungen","9":"first","10":"instock","11":"taxable","12":"shipping-taxable","13":"purchasable","14":"product-type-variable"},"_links":{"self":[{"href":"https:\/\/hofgut-menschenhaus.de\/de_de\/wp-json\/wp\/v2\/product\/19690","targetHints":{"allow":["GET"]}}],"collection":[{"href":"https:\/\/hofgut-menschenhaus.de\/de_de\/wp-json\/wp\/v2\/product"}],"about":[{"href":"https:\/\/hofgut-menschenhaus.de\/de_de\/wp-json\/wp\/v2\/types\/product"}],"author":[{"embeddable":true,"href":"https:\/\/hofgut-menschenhaus.de\/de_de\/wp-json\/wp\/v2\/users\/1"}],"replies":[{"embeddable":true,"href":"https:\/\/hofgut-menschenhaus.de\/de_de\/wp-json\/wp\/v2\/comments?post=19690"}],"version-history":[{"count":6,"href":"https:\/\/hofgut-menschenhaus.de\/de_de\/wp-json\/wp\/v2\/product\/19690\/revisions"}],"predecessor-version":[{"id":19697,"href":"https:\/\/hofgut-menschenhaus.de\/de_de\/wp-json\/wp\/v2\/product\/19690\/revisions\/19697"}],"wp:featuredmedia":[{"embeddable":true,"href":"https:\/\/hofgut-menschenhaus.de\/de_de\/wp-json\/wp\/v2\/media\/19698"}],"wp:attachment":[{"href":"https:\/\/hofgut-menschenhaus.de\/de_de\/wp-json\/wp\/v2\/media?parent=19690"}],"wp:term":[{"taxonomy":"product_brand","embeddable":true,"href":"https:\/\/hofgut-menschenhaus.de\/de_de\/wp-json\/wp\/v2\/product_brand?post=19690"},{"taxonomy":"product_cat","embeddable":true,"href":"https:\/\/hofgut-menschenhaus.de\/de_de\/wp-json\/wp\/v2\/product_cat?post=19690"},{"taxonomy":"product_tag","embeddable":true,"href":"https:\/\/hofgut-menschenhaus.de\/de_de\/wp-json\/wp\/v2\/product_tag?post=19690"}],"curies":[{"name":"wp","href":"https:\/\/api.w.org\/{rel}","templated":true}]}}