{"id":8995,"date":"2022-11-04T15:23:01","date_gmt":"2022-11-04T14:23:01","guid":{"rendered":"https:\/\/hofgut-menschenhaus.de\/?page_id=8995"},"modified":"2025-06-23T18:08:05","modified_gmt":"2025-06-23T16:08:05","slug":"waldgarten","status":"publish","type":"page","link":"https:\/\/hofgut-menschenhaus.de\/en_en\/waldgarten\/","title":{"rendered":"Waldgarten"},"content":{"rendered":"<div data-elementor-type=\"wp-page\" data-elementor-id=\"8995\" class=\"elementor elementor-8995\" data-elementor-post-type=\"page\">\n\t\t\t\t\t\t<section data-particle_enable=\"false\" data-particle-mobile-disabled=\"false\" class=\"elementor-section elementor-top-section elementor-element elementor-element-425094c elementor-section-content-bottom elementor-section-stretched elementor-section-boxed elementor-section-height-default elementor-section-height-default wd-section-disabled\" data-id=\"425094c\" data-element_type=\"section\" data-e-type=\"section\" data-settings=\"{&quot;background_background&quot;:&quot;classic&quot;,&quot;stretch_section&quot;:&quot;section-stretched&quot;}\">\n\t\t\t\t\t\t\t<div class=\"elementor-background-overlay\"><\/div>\n\t\t\t\t\t\t\t<div class=\"elementor-container elementor-column-gap-no\">\n\t\t\t\t\t<div class=\"elementor-column elementor-col-100 elementor-top-column elementor-element elementor-element-72094af\" data-id=\"72094af\" data-element_type=\"column\" data-e-type=\"column\">\n\t\t\t<div class=\"elementor-widget-wrap elementor-element-populated\">\n\t\t\t\t\t\t<div class=\"elementor-element elementor-element-aecdb8e elementor-widget elementor-widget-heading\" data-id=\"aecdb8e\" data-element_type=\"widget\" data-e-type=\"widget\" data-widget_type=\"heading.default\">\n\t\t\t\t<div class=\"elementor-widget-container\">\n\t\t\t\t\t<h1 class=\"elementor-heading-title elementor-size-default\">Grunder's Waldgarten<\/h1>\t\t\t\t<\/div>\n\t\t\t\t<\/div>\n\t\t\t\t\t<\/div>\n\t\t<\/div>\n\t\t\t\t\t<\/div>\n\t\t<\/section>\n\t\t\t\t<section data-particle_enable=\"false\" data-particle-mobile-disabled=\"false\" class=\"elementor-section elementor-top-section elementor-element elementor-element-40442ff elementor-section-boxed elementor-section-height-default elementor-section-height-default wd-section-disabled\" data-id=\"40442ff\" data-element_type=\"section\" data-e-type=\"section\">\n\t\t\t\t\t\t<div class=\"elementor-container elementor-column-gap-default\">\n\t\t\t\t\t<div class=\"elementor-column elementor-col-100 elementor-top-column elementor-element elementor-element-8730364\" data-id=\"8730364\" data-element_type=\"column\" data-e-type=\"column\">\n\t\t\t<div class=\"elementor-widget-wrap elementor-element-populated\">\n\t\t\t\t\t\t<div class=\"elementor-element elementor-element-3df880e elementor-widget elementor-widget-heading\" data-id=\"3df880e\" data-element_type=\"widget\" data-e-type=\"widget\" data-widget_type=\"heading.default\">\n\t\t\t\t<div class=\"elementor-widget-container\">\n\t\t\t\t\t<h2 class=\"elementor-heading-title elementor-size-default\">BIERGARTEN MAL ANDERS<\/h2>\t\t\t\t<\/div>\n\t\t\t\t<\/div>\n\t\t\t\t<div class=\"elementor-element elementor-element-b909fa1 elementor-widget elementor-widget-heading\" data-id=\"b909fa1\" data-element_type=\"widget\" data-e-type=\"widget\" data-widget_type=\"heading.default\">\n\t\t\t\t<div class=\"elementor-widget-container\">\n\t\t\t\t\t<h3 class=\"elementor-heading-title elementor-size-default\">mit traditioneller, rustikaler K\u00fcche<\/h3>\t\t\t\t<\/div>\n\t\t\t\t<\/div>\n\t\t\t\t<div class=\"elementor-element elementor-element-fe9a66d color-scheme-inherit text-left elementor-widget elementor-widget-text-editor\" data-id=\"fe9a66d\" data-element_type=\"widget\" data-e-type=\"widget\" data-widget_type=\"text-editor.default\">\n\t\t\t\t<div class=\"elementor-widget-container\">\n\t\t\t\t\t\t\t\t\t<p>Besuchen Sie uns endlich wieder in unserem sch\u00f6nen Waldgarten zwischen Kirkel und Neunkirchen!<\/p><p>Genie\u00dfen Sie in den Sommermonaten unseren sch\u00f6nen Waldgarten mit traditioneller, rustikaler K\u00fcche und Bedienung am Tisch. Der Biergarten bietet Platz f\u00fcr bis zu 200 Personen. Wir freuen uns auf Ihren Besuch!<\/p><p><strong style=\"font-size: 14px; background-color: var(--wd-main-bgcolor); color: var(--wd-text-color);\">Leider ist der Waldgarten im Moment geschlossen.<\/strong><\/p><p>\u00a0<\/p>\t\t\t\t\t\t\t\t<\/div>\n\t\t\t\t<\/div>\n\t\t\t\t<div class=\"elementor-element elementor-element-fbc1250 elementor-hidden-desktop elementor-hidden-tablet elementor-hidden-mobile elementor-widget elementor-widget-wd_button\" data-id=\"fbc1250\" data-element_type=\"widget\" data-e-type=\"widget\" data-widget_type=\"wd_button.default\">\n\t\t\t\t<div class=\"elementor-widget-container\">\n\t\t\t\t\t\t\t<div class=\"wd-button-wrapper text-center\" >\n\t\t\t<a class=\"btn btn-style-default btn-style-semi-round btn-size-default btn-color-primary btn-icon-pos-right\"  href=\"https:\/\/hofgut-menschenhaus.de\/wp-content\/uploads\/2024\/07\/Waldgarten_Speisekarte_2024.pdf\" target=\"_blank\">\n\t\t\t\t<span class=\"wd-btn-text\" data-elementor-setting-key=\"text\">\n\t\t\t\t\tRustikale Speisekarte ansehen\t\t\t\t<\/span>\n\n\t\t\t\t\t\t\t<\/a>\n\t\t<\/div>\n\t\t\t\t\t\t<\/div>\n\t\t\t\t<\/div>\n\t\t\t\t\t<\/div>\n\t\t<\/div>\n\t\t\t\t\t<\/div>\n\t\t<\/section>\n\t\t\t\t<section data-particle_enable=\"false\" data-particle-mobile-disabled=\"false\" class=\"elementor-section elementor-top-section elementor-element elementor-element-14b264a elementor-section-boxed elementor-section-height-default elementor-section-height-default wd-section-disabled\" data-id=\"14b264a\" data-element_type=\"section\" data-e-type=\"section\">\n\t\t\t\t\t\t<div class=\"elementor-container elementor-column-gap-default\">\n\t\t\t\t\t<div class=\"elementor-column elementor-col-50 elementor-top-column elementor-element elementor-element-4ccce6f\" data-id=\"4ccce6f\" data-element_type=\"column\" data-e-type=\"column\">\n\t\t\t<div class=\"elementor-widget-wrap elementor-element-populated\">\n\t\t\t\t\t\t<div class=\"elementor-element elementor-element-a4d52f4 elementor-widget elementor-widget-image\" data-id=\"a4d52f4\" data-element_type=\"widget\" data-e-type=\"widget\" data-widget_type=\"image.default\">\n\t\t\t\t<div class=\"elementor-widget-container\">\n\t\t\t\t\t\t\t\t\t\t\t\t\t\t\t<img fetchpriority=\"high\" decoding=\"async\" width=\"931\" height=\"600\" src=\"https:\/\/hofgut-menschenhaus.de\/wp-content\/themes\/woodmart\/images\/lazy.png\" class=\"attachment-full size-full wp-image-8668 wd-lazy-load wd-lazy-fade\" alt=\"\" srcset=\"\" sizes=\"(max-width: 931px) 100vw, 931px\" data-wood-src=\"https:\/\/hofgut-menschenhaus.de\/wp-content\/uploads\/2022\/11\/GHM_Waldgarten_Daemmerung_Licht1.jpg\" data-srcset=\"https:\/\/hofgut-menschenhaus.de\/wp-content\/uploads\/2022\/11\/GHM_Waldgarten_Daemmerung_Licht1.jpg 931w, https:\/\/hofgut-menschenhaus.de\/wp-content\/uploads\/2022\/11\/GHM_Waldgarten_Daemmerung_Licht1-400x258.jpg 400w, https:\/\/hofgut-menschenhaus.de\/wp-content\/uploads\/2022\/11\/GHM_Waldgarten_Daemmerung_Licht1-768x495.jpg 768w, https:\/\/hofgut-menschenhaus.de\/wp-content\/uploads\/2022\/11\/GHM_Waldgarten_Daemmerung_Licht1-18x12.jpg 18w, https:\/\/hofgut-menschenhaus.de\/wp-content\/uploads\/2022\/11\/GHM_Waldgarten_Daemmerung_Licht1-860x554.jpg 860w, https:\/\/hofgut-menschenhaus.de\/wp-content\/uploads\/2022\/11\/GHM_Waldgarten_Daemmerung_Licht1-430x277.jpg 430w, https:\/\/hofgut-menschenhaus.de\/wp-content\/uploads\/2022\/11\/GHM_Waldgarten_Daemmerung_Licht1-700x451.jpg 700w, https:\/\/hofgut-menschenhaus.de\/wp-content\/uploads\/2022\/11\/GHM_Waldgarten_Daemmerung_Licht1-150x97.jpg 150w\" \/>\t\t\t\t\t\t\t\t\t\t\t\t\t\t\t<\/div>\n\t\t\t\t<\/div>\n\t\t\t\t\t<\/div>\n\t\t<\/div>\n\t\t\t\t<div class=\"elementor-column elementor-col-50 elementor-top-column elementor-element elementor-element-3763a6e\" data-id=\"3763a6e\" data-element_type=\"column\" data-e-type=\"column\">\n\t\t\t<div class=\"elementor-widget-wrap elementor-element-populated\">\n\t\t\t\t\t\t<div class=\"elementor-element elementor-element-cded62a elementor-widget elementor-widget-image\" data-id=\"cded62a\" data-element_type=\"widget\" data-e-type=\"widget\" data-widget_type=\"image.default\">\n\t\t\t\t<div class=\"elementor-widget-container\">\n\t\t\t\t\t\t\t\t\t\t\t\t\t\t\t<img decoding=\"async\" width=\"902\" height=\"600\" src=\"https:\/\/hofgut-menschenhaus.de\/wp-content\/themes\/woodmart\/images\/lazy.png\" class=\"attachment-full size-full wp-image-8830 wd-lazy-load wd-lazy-fade\" alt=\"\" srcset=\"\" sizes=\"(max-width: 902px) 100vw, 902px\" data-wood-src=\"https:\/\/hofgut-menschenhaus.de\/wp-content\/uploads\/2021\/10\/Grunder26051716_1587641557-1.jpg\" data-srcset=\"https:\/\/hofgut-menschenhaus.de\/wp-content\/uploads\/2021\/10\/Grunder26051716_1587641557-1.jpg 902w, https:\/\/hofgut-menschenhaus.de\/wp-content\/uploads\/2021\/10\/Grunder26051716_1587641557-1-400x266.jpg 400w, https:\/\/hofgut-menschenhaus.de\/wp-content\/uploads\/2021\/10\/Grunder26051716_1587641557-1-768x511.jpg 768w, https:\/\/hofgut-menschenhaus.de\/wp-content\/uploads\/2021\/10\/Grunder26051716_1587641557-1-18x12.jpg 18w, https:\/\/hofgut-menschenhaus.de\/wp-content\/uploads\/2021\/10\/Grunder26051716_1587641557-1-860x572.jpg 860w, https:\/\/hofgut-menschenhaus.de\/wp-content\/uploads\/2021\/10\/Grunder26051716_1587641557-1-430x286.jpg 430w, https:\/\/hofgut-menschenhaus.de\/wp-content\/uploads\/2021\/10\/Grunder26051716_1587641557-1-700x466.jpg 700w, https:\/\/hofgut-menschenhaus.de\/wp-content\/uploads\/2021\/10\/Grunder26051716_1587641557-1-150x100.jpg 150w\" \/>\t\t\t\t\t\t\t\t\t\t\t\t\t\t\t<\/div>\n\t\t\t\t<\/div>\n\t\t\t\t\t<\/div>\n\t\t<\/div>\n\t\t\t\t\t<\/div>\n\t\t<\/section>\n\t\t\t\t<\/div>","protected":false},"excerpt":{"rendered":"<p>Grunder&#8217;s Waldgarten BIERGARTEN MAL ANDERS mit traditioneller, rustikaler K\u00fcche Besuchen Sie uns endlich wieder in unserem sch\u00f6nen Waldgarten zwischen Kirkel<\/p>","protected":false},"author":1,"featured_media":0,"parent":0,"menu_order":0,"comment_status":"closed","ping_status":"closed","template":"","meta":{"footnotes":""},"class_list":["post-8995","page","type-page","status-publish","hentry"],"_links":{"self":[{"href":"https:\/\/hofgut-menschenhaus.de\/en_en\/wp-json\/wp\/v2\/pages\/8995","targetHints":{"allow":["GET"]}}],"collection":[{"href":"https:\/\/hofgut-menschenhaus.de\/en_en\/wp-json\/wp\/v2\/pages"}],"about":[{"href":"https:\/\/hofgut-menschenhaus.de\/en_en\/wp-json\/wp\/v2\/types\/page"}],"author":[{"embeddable":true,"href":"https:\/\/hofgut-menschenhaus.de\/en_en\/wp-json\/wp\/v2\/users\/1"}],"replies":[{"embeddable":true,"href":"https:\/\/hofgut-menschenhaus.de\/en_en\/wp-json\/wp\/v2\/comments?post=8995"}],"version-history":[{"count":10,"href":"https:\/\/hofgut-menschenhaus.de\/en_en\/wp-json\/wp\/v2\/pages\/8995\/revisions"}],"predecessor-version":[{"id":16871,"href":"https:\/\/hofgut-menschenhaus.de\/en_en\/wp-json\/wp\/v2\/pages\/8995\/revisions\/16871"}],"wp:attachment":[{"href":"https:\/\/hofgut-menschenhaus.de\/en_en\/wp-json\/wp\/v2\/media?parent=8995"}],"curies":[{"name":"wp","href":"https:\/\/api.w.org\/{rel}","templated":true}]}}