{"id":9013,"date":"2022-11-04T15:50:33","date_gmt":"2022-11-04T14:50:33","guid":{"rendered":"https:\/\/hofgut-menschenhaus.de\/?page_id=9013"},"modified":"2022-11-04T15:54:02","modified_gmt":"2022-11-04T14:54:02","slug":"business-events","status":"publish","type":"page","link":"https:\/\/hofgut-menschenhaus.de\/en_en\/business-events\/","title":{"rendered":"Business Events"},"content":{"rendered":"<div data-elementor-type=\"wp-page\" data-elementor-id=\"9013\" class=\"elementor elementor-9013\" data-elementor-post-type=\"page\">\n\t\t\t\t\t\t<section data-particle_enable=\"false\" data-particle-mobile-disabled=\"false\" class=\"elementor-section elementor-top-section elementor-element elementor-element-562ddbcc elementor-section-content-middle elementor-section-height-min-height elementor-section-stretched elementor-section-boxed elementor-section-height-default elementor-section-items-middle wd-section-disabled\" data-id=\"562ddbcc\" data-element_type=\"section\" data-e-type=\"section\" data-settings=\"{&quot;background_background&quot;:&quot;classic&quot;,&quot;stretch_section&quot;:&quot;section-stretched&quot;}\">\n\t\t\t\t\t\t\t<div class=\"elementor-background-overlay\"><\/div>\n\t\t\t\t\t\t\t<div class=\"elementor-container elementor-column-gap-no\">\n\t\t\t\t\t<div class=\"elementor-column elementor-col-100 elementor-top-column elementor-element elementor-element-3637c2af\" data-id=\"3637c2af\" data-element_type=\"column\" data-e-type=\"column\">\n\t\t\t<div class=\"elementor-widget-wrap elementor-element-populated\">\n\t\t\t\t\t\t<div class=\"elementor-element elementor-element-636c8de4 elementor-widget elementor-widget-heading\" data-id=\"636c8de4\" data-element_type=\"widget\" data-e-type=\"widget\" data-widget_type=\"heading.default\">\n\t\t\t\t<div class=\"elementor-widget-container\">\n\t\t\t\t\t<h2 class=\"elementor-heading-title elementor-size-default\">Grunders Hofgut Menschenhaus<\/h2>\t\t\t\t<\/div>\n\t\t\t\t<\/div>\n\t\t\t\t<div class=\"elementor-element elementor-element-75c5d33c elementor-widget elementor-widget-heading\" data-id=\"75c5d33c\" data-element_type=\"widget\" data-e-type=\"widget\" data-widget_type=\"heading.default\">\n\t\t\t\t<div class=\"elementor-widget-container\">\n\t\t\t\t\t<h1 class=\"elementor-heading-title elementor-size-default\">Tagungen und Konferenzen im Saarland<\/h1>\t\t\t\t<\/div>\n\t\t\t\t<\/div>\n\t\t\t\t\t<\/div>\n\t\t<\/div>\n\t\t\t\t\t<\/div>\n\t\t<\/section>\n\t\t\t\t<section data-particle_enable=\"false\" data-particle-mobile-disabled=\"false\" class=\"elementor-section elementor-top-section elementor-element elementor-element-20715f3c elementor-section-boxed elementor-section-height-default elementor-section-height-default wd-section-disabled\" data-id=\"20715f3c\" data-element_type=\"section\" data-e-type=\"section\">\n\t\t\t\t\t\t<div class=\"elementor-container elementor-column-gap-no\">\n\t\t\t\t\t<div class=\"elementor-column elementor-col-33 elementor-top-column elementor-element elementor-element-498bcd46\" data-id=\"498bcd46\" data-element_type=\"column\" data-e-type=\"column\">\n\t\t\t<div class=\"elementor-widget-wrap elementor-element-populated\">\n\t\t\t\t\t\t<div class=\"elementor-element elementor-element-42c0b7d9 elementor-widget elementor-widget-heading\" data-id=\"42c0b7d9\" data-element_type=\"widget\" data-e-type=\"widget\" data-widget_type=\"heading.default\">\n\t\t\t\t<div class=\"elementor-widget-container\">\n\t\t\t\t\t<h1 class=\"elementor-heading-title elementor-size-default\">Grunder Gourmet ist Ihr starker Partner f\u00fcr Tagungen, Seminare, Konferenzen, Incentives, Corporate Events und individuelle Anl\u00e4sse im Saarland!<\/h1>\t\t\t\t<\/div>\n\t\t\t\t<\/div>\n\t\t\t\t<div class=\"elementor-element elementor-element-38243556 color-scheme-inherit text-left elementor-widget elementor-widget-text-editor\" data-id=\"38243556\" data-element_type=\"widget\" data-e-type=\"widget\" data-widget_type=\"text-editor.default\">\n\t\t\t\t<div class=\"elementor-widget-container\">\n\t\t\t\t\t\t\t\t\t<p>Wir sind Ihr idealer Ansprechpartner und Dienstleister f\u00fcr Tagungen oder Ihr Business Event im Saarland, Rheinland-Pfalz und Luxemburg.\u00a0<\/p><p>Neben eigenen Tagungsr\u00e4umen in den unterschiedlichen Grunder Locations steht Ihnen ein gro\u00dfz\u00fcgiges Au\u00dfenareal \u00a0zur Verf\u00fcgung, welches ideal f\u00fcr Teambuilding-Ma\u00dfnahmen und Break-Out-Sessions geeignet ist.\u00a0<\/p><p>Gerne unterst\u00fctzen wir Sie bei der individuellen Planung und Durchf\u00fchrung des Rahmenprogramms Ihrer Veranstaltung.\u00a0<\/p><p>F\u00fcr Tagungsg\u00e4ste, die \u00fcbernachten m\u00f6chten, steht Ihnen das Grunder G\u00e4stehaus zur Verf\u00fcgung.\u00a0<\/p>\t\t\t\t\t\t\t\t<\/div>\n\t\t\t\t<\/div>\n\t\t\t\t\t<\/div>\n\t\t<\/div>\n\t\t\t\t<div class=\"elementor-column elementor-col-66 elementor-top-column elementor-element elementor-element-13b5623\" data-id=\"13b5623\" data-element_type=\"column\" data-e-type=\"column\">\n\t\t\t<div class=\"elementor-widget-wrap elementor-element-populated\">\n\t\t\t\t\t\t<div class=\"elementor-element elementor-element-4877e399 elementor-arrows-position-inside elementor-pagination-position-outside elementor-widget elementor-widget-image-carousel\" data-id=\"4877e399\" data-element_type=\"widget\" data-e-type=\"widget\" data-settings=\"{&quot;slides_to_show&quot;:&quot;1&quot;,&quot;slides_to_show_tablet&quot;:&quot;2&quot;,&quot;slides_to_show_mobile&quot;:&quot;1&quot;,&quot;navigation&quot;:&quot;both&quot;,&quot;autoplay&quot;:&quot;yes&quot;,&quot;pause_on_hover&quot;:&quot;yes&quot;,&quot;pause_on_interaction&quot;:&quot;yes&quot;,&quot;autoplay_speed&quot;:5000,&quot;infinite&quot;:&quot;yes&quot;,&quot;effect&quot;:&quot;slide&quot;,&quot;speed&quot;:500}\" data-widget_type=\"image-carousel.default\">\n\t\t\t\t<div class=\"elementor-widget-container\">\n\t\t\t\t\t\t\t<div class=\"elementor-image-carousel-wrapper swiper\" role=\"region\" aria-roledescription=\"carousel\" aria-label=\"Bild Karussell\" dir=\"ltr\">\n\t\t\t<div class=\"elementor-image-carousel swiper-wrapper swiper-image-stretch\" aria-live=\"off\">\n\t\t\t\t\t\t\t\t<div class=\"swiper-slide\" role=\"group\" aria-roledescription=\"slide\" aria-label=\"1 von 2\"><figure class=\"swiper-slide-inner\"><img decoding=\"async\" class=\"swiper-slide-image\" src=\"https:\/\/hofgut-menschenhaus.de\/wp-content\/uploads\/2022\/11\/20171215_171621-scaled-1-1.jpg\" alt=\"20171215_171621-scaled-1.jpg\" \/><\/figure><\/div><div class=\"swiper-slide\" role=\"group\" aria-roledescription=\"slide\" aria-label=\"2 von 2\"><figure class=\"swiper-slide-inner\"><img decoding=\"async\" class=\"swiper-slide-image\" src=\"https:\/\/hofgut-menschenhaus.de\/wp-content\/uploads\/2022\/11\/20160114_154539-1-scaled-1-1.jpg\" alt=\"20160114_154539-1-scaled-1.jpg\" \/><\/figure><\/div>\t\t\t<\/div>\n\t\t\t\t\t\t\t\t\t\t\t\t<div class=\"elementor-swiper-button elementor-swiper-button-prev\" role=\"button\" tabindex=\"0\">\n\t\t\t\t\t\t<i aria-hidden=\"true\" class=\"eicon-chevron-left\"><\/i>\t\t\t\t\t<\/div>\n\t\t\t\t\t<div class=\"elementor-swiper-button elementor-swiper-button-next\" role=\"button\" tabindex=\"0\">\n\t\t\t\t\t\t<i aria-hidden=\"true\" class=\"eicon-chevron-right\"><\/i>\t\t\t\t\t<\/div>\n\t\t\t\t\n\t\t\t\t\t\t\t\t\t<div class=\"swiper-pagination\"><\/div>\n\t\t\t\t\t\t\t\t\t<\/div>\n\t\t\t\t\t\t<\/div>\n\t\t\t\t<\/div>\n\t\t\t\t\t<\/div>\n\t\t<\/div>\n\t\t\t\t\t<\/div>\n\t\t<\/section>\n\t\t\t\t<section data-particle_enable=\"false\" data-particle-mobile-disabled=\"false\" class=\"elementor-section elementor-top-section elementor-element elementor-element-31604016 elementor-section-content-middle elementor-section-stretched elementor-section-boxed elementor-section-height-default elementor-section-height-default wd-section-disabled\" data-id=\"31604016\" data-element_type=\"section\" data-e-type=\"section\" data-settings=\"{&quot;background_background&quot;:&quot;classic&quot;,&quot;stretch_section&quot;:&quot;section-stretched&quot;}\">\n\t\t\t\t\t\t<div class=\"elementor-container elementor-column-gap-no\">\n\t\t\t\t\t<div class=\"elementor-column elementor-col-100 elementor-top-column elementor-element elementor-element-28c998b4\" data-id=\"28c998b4\" data-element_type=\"column\" data-e-type=\"column\">\n\t\t\t<div class=\"elementor-widget-wrap elementor-element-populated\">\n\t\t\t\t\t\t<div class=\"elementor-element elementor-element-789f824b elementor-widget elementor-widget-heading\" data-id=\"789f824b\" data-element_type=\"widget\" data-e-type=\"widget\" data-widget_type=\"heading.default\">\n\t\t\t\t<div class=\"elementor-widget-container\">\n\t\t\t\t\t<h2 class=\"elementor-heading-title elementor-size-default\">Wir bieten Ihnen:<\/h2>\t\t\t\t<\/div>\n\t\t\t\t<\/div>\n\t\t\t\t<section data-particle_enable=\"false\" data-particle-mobile-disabled=\"false\" class=\"elementor-section elementor-inner-section elementor-element elementor-element-45bca9cc elementor-section-boxed elementor-section-height-default elementor-section-height-default wd-section-disabled\" data-id=\"45bca9cc\" data-element_type=\"section\" data-e-type=\"section\">\n\t\t\t\t\t\t<div class=\"elementor-container elementor-column-gap-no\">\n\t\t\t\t\t<div class=\"elementor-column elementor-col-100 elementor-inner-column elementor-element elementor-element-6e57c5e\" data-id=\"6e57c5e\" data-element_type=\"column\" data-e-type=\"column\">\n\t\t\t<div class=\"elementor-widget-wrap elementor-element-populated\">\n\t\t\t\t\t\t<div class=\"elementor-element elementor-element-518c145 elementor-widget elementor-widget-toggle\" data-id=\"518c145\" data-element_type=\"widget\" data-e-type=\"widget\" data-widget_type=\"toggle.default\">\n\t\t\t\t<div class=\"elementor-widget-container\">\n\t\t\t\t\t\t\t<div class=\"elementor-toggle\">\n\t\t\t\t\t\t\t<div class=\"elementor-toggle-item\">\n\t\t\t\t\t<div id=\"elementor-tab-title-8551\" class=\"elementor-tab-title\" data-tab=\"1\" role=\"button\" aria-controls=\"elementor-tab-content-8551\" aria-expanded=\"false\">\n\t\t\t\t\t\t\t\t\t\t\t\t<span class=\"elementor-toggle-icon elementor-toggle-icon-left\" aria-hidden=\"true\">\n\t\t\t\t\t\t\t\t\t\t\t\t\t\t\t<span class=\"elementor-toggle-icon-closed\"><i class=\"fas fa-caret-right\"><\/i><\/span>\n\t\t\t\t\t\t\t\t<span class=\"elementor-toggle-icon-opened\"><i class=\"elementor-toggle-icon-opened fas fa-caret-up\"><\/i><\/span>\n\t\t\t\t\t\t\t\t\t\t\t\t\t<\/span>\n\t\t\t\t\t\t\t\t\t\t\t\t<a class=\"elementor-toggle-title\" tabindex=\"0\">Service & Personal<\/a>\n\t\t\t\t\t<\/div>\n\n\t\t\t\t\t<div id=\"elementor-tab-content-8551\" class=\"elementor-tab-content elementor-clearfix\" data-tab=\"1\" role=\"region\" aria-labelledby=\"elementor-tab-title-8551\"><p>Unser Team an kompetenten und hochqualifizierten Servicekr\u00e4ften f\u00fcr den richtigen Service Ihres Catering.<\/p><\/div>\n\t\t\t\t<\/div>\n\t\t\t\t\t\t\t<div class=\"elementor-toggle-item\">\n\t\t\t\t\t<div id=\"elementor-tab-title-8552\" class=\"elementor-tab-title\" data-tab=\"2\" role=\"button\" aria-controls=\"elementor-tab-content-8552\" aria-expanded=\"false\">\n\t\t\t\t\t\t\t\t\t\t\t\t<span class=\"elementor-toggle-icon elementor-toggle-icon-left\" aria-hidden=\"true\">\n\t\t\t\t\t\t\t\t\t\t\t\t\t\t\t<span class=\"elementor-toggle-icon-closed\"><i class=\"fas fa-caret-right\"><\/i><\/span>\n\t\t\t\t\t\t\t\t<span class=\"elementor-toggle-icon-opened\"><i class=\"elementor-toggle-icon-opened fas fa-caret-up\"><\/i><\/span>\n\t\t\t\t\t\t\t\t\t\t\t\t\t<\/span>\n\t\t\t\t\t\t\t\t\t\t\t\t<a class=\"elementor-toggle-title\" tabindex=\"0\">Geschirr & Gl\u00e4ser<\/a>\n\t\t\t\t\t<\/div>\n\n\t\t\t\t\t<div id=\"elementor-tab-content-8552\" class=\"elementor-tab-content elementor-clearfix\" data-tab=\"2\" role=\"region\" aria-labelledby=\"elementor-tab-title-8552\"><div>Egal ob Sie Geschirr, wie Teller oder Besteck ben\u00f6tigen oder Gl\u00e4ser f\u00fcr Ihre Feier: Nutzen Sie ganz leicht und kosteng\u00fcnstig unseren Geschirrverleih und verleihen Sie Ihrem Fest einen ganz besonderen Glanz.<\/div><div>Sie ben\u00f6tigen spezielles Geschirr f\u00fcr Ihr Event? Sprechen Sie uns an.<\/div><\/div>\n\t\t\t\t<\/div>\n\t\t\t\t\t\t\t<div class=\"elementor-toggle-item\">\n\t\t\t\t\t<div id=\"elementor-tab-title-8553\" class=\"elementor-tab-title\" data-tab=\"3\" role=\"button\" aria-controls=\"elementor-tab-content-8553\" aria-expanded=\"false\">\n\t\t\t\t\t\t\t\t\t\t\t\t<span class=\"elementor-toggle-icon elementor-toggle-icon-left\" aria-hidden=\"true\">\n\t\t\t\t\t\t\t\t\t\t\t\t\t\t\t<span class=\"elementor-toggle-icon-closed\"><i class=\"fas fa-caret-right\"><\/i><\/span>\n\t\t\t\t\t\t\t\t<span class=\"elementor-toggle-icon-opened\"><i class=\"elementor-toggle-icon-opened fas fa-caret-up\"><\/i><\/span>\n\t\t\t\t\t\t\t\t\t\t\t\t\t<\/span>\n\t\t\t\t\t\t\t\t\t\t\t\t<a class=\"elementor-toggle-title\" tabindex=\"0\">Getr\u00e4nke<\/a>\n\t\t\t\t\t<\/div>\n\n\t\t\t\t\t<div id=\"elementor-tab-content-8553\" class=\"elementor-tab-content elementor-clearfix\" data-tab=\"3\" role=\"region\" aria-labelledby=\"elementor-tab-title-8553\"><p>Gerne liefern wir Ihnen neben dem Catering auch die gesamte Getr\u00e4nke-Auswahl die Sie w\u00fcnschen!<\/p><p>Ob Softgetr\u00e4nke, S\u00e4fte, Mineralwasser, Biere, Weine und auch Sekt oder Champagner.<\/p><p>F\u00fcr die hei\u00dfen Monate verf\u00fcgen wir au\u00dferdem \u00fcber eigene K\u00fchlanh\u00e4nger und k\u00f6nnen mit zahlreichen Getr\u00e4nkek\u00fchlern und Eis\u00a0 vor Ort f\u00fcr eine Abk\u00fchlung unter Ihren G\u00e4sten sorgen!<\/p><\/div>\n\t\t\t\t<\/div>\n\t\t\t\t\t\t\t<div class=\"elementor-toggle-item\">\n\t\t\t\t\t<div id=\"elementor-tab-title-8554\" class=\"elementor-tab-title\" data-tab=\"4\" role=\"button\" aria-controls=\"elementor-tab-content-8554\" aria-expanded=\"false\">\n\t\t\t\t\t\t\t\t\t\t\t\t<span class=\"elementor-toggle-icon elementor-toggle-icon-left\" aria-hidden=\"true\">\n\t\t\t\t\t\t\t\t\t\t\t\t\t\t\t<span class=\"elementor-toggle-icon-closed\"><i class=\"fas fa-caret-right\"><\/i><\/span>\n\t\t\t\t\t\t\t\t<span class=\"elementor-toggle-icon-opened\"><i class=\"elementor-toggle-icon-opened fas fa-caret-up\"><\/i><\/span>\n\t\t\t\t\t\t\t\t\t\t\t\t\t<\/span>\n\t\t\t\t\t\t\t\t\t\t\t\t<a class=\"elementor-toggle-title\" tabindex=\"0\">Mobiliar<\/a>\n\t\t\t\t\t<\/div>\n\n\t\t\t\t\t<div id=\"elementor-tab-content-8554\" class=\"elementor-tab-content elementor-clearfix\" data-tab=\"4\" role=\"region\" aria-labelledby=\"elementor-tab-title-8554\"><p>Mit unserem Mobiliar &amp; Zubeh\u00f6r mieten Sie die passende Ausstattung f\u00fcr Ihr Event. Grunder Gourmet bietet Ihnen nicht nur die Klassiker wie Tische und St\u00fchle, sondern auch trendige Bars &amp; Buffets, Sonnenschirme, Getr\u00e4nkewagen, mobile B\u00fchnen, Grills, Barhocker sowie bequeme Lounge M\u00f6bel in verschiedenen Ausf\u00fchrungen und Stilen an!<\/p><\/div>\n\t\t\t\t<\/div>\n\t\t\t\t\t\t\t\t<\/div>\n\t\t\t\t\t\t<\/div>\n\t\t\t\t<\/div>\n\t\t\t\t\t<\/div>\n\t\t<\/div>\n\t\t\t\t\t<\/div>\n\t\t<\/section>\n\t\t\t\t\t<\/div>\n\t\t<\/div>\n\t\t\t\t\t<\/div>\n\t\t<\/section>\n\t\t\t\t<section data-particle_enable=\"false\" data-particle-mobile-disabled=\"false\" class=\"elementor-section elementor-top-section elementor-element elementor-element-3a4ac9a1 elementor-section-boxed elementor-section-height-default elementor-section-height-default wd-section-disabled\" data-id=\"3a4ac9a1\" data-element_type=\"section\" data-e-type=\"section\">\n\t\t\t\t\t\t<div class=\"elementor-container elementor-column-gap-default\">\n\t\t\t\t\t<div class=\"elementor-column elementor-col-100 elementor-top-column elementor-element elementor-element-4bb680b5\" data-id=\"4bb680b5\" data-element_type=\"column\" data-e-type=\"column\">\n\t\t\t<div class=\"elementor-widget-wrap elementor-element-populated\">\n\t\t\t\t\t\t<div class=\"elementor-element elementor-element-12ef2ade elementor-widget elementor-widget-heading\" data-id=\"12ef2ade\" data-element_type=\"widget\" data-e-type=\"widget\" data-widget_type=\"heading.default\">\n\t\t\t\t<div class=\"elementor-widget-container\">\n\t\t\t\t\t<h2 class=\"elementor-heading-title elementor-size-default\">Qualit\u00e4t garantiert - Handwerkliches K\u00f6nnen &amp; Liebe zum Detail<\/h2>\t\t\t\t<\/div>\n\t\t\t\t<\/div>\n\t\t\t\t<div class=\"elementor-element elementor-element-71d406a9 color-scheme-inherit text-left elementor-widget elementor-widget-text-editor\" data-id=\"71d406a9\" data-element_type=\"widget\" data-e-type=\"widget\" data-widget_type=\"text-editor.default\">\n\t\t\t\t<div class=\"elementor-widget-container\">\n\t\t\t\t\t\t\t\t\t<p>Was mit einer kleinen Metzgerei begann, wurde mit viel Engagement und Liebe zum Detail zu einem der derzeit f\u00fchrenden Party- &amp; Event-Caterer im Saar-Lor-Lux-Raum. Eine hohe Qualit\u00e4t, Geschmack und Frische sind daher aus Tradition die Grundvoraussetzungen f\u00fcr unser erfolgreiches Unternehmen und unsere bew\u00e4hrten Catering-Konzepte.<\/p><p>Gutes Essen ist, wie wir meinen, ein St\u00fcck Lebensqualit\u00e4t. Deshalb halten wir bei Grunder Gourmet den Begriff Qualit\u00e4t besonders hoch. Dieser hohe Anspruch zieht sich durch alle Bereiche unseres professionellen Caterings.<\/p><p>F\u00fcr uns bei Grunder Gourmet beginnt das bereits bei unseren ausgesuchten Lieferanten und deren Qualit\u00e4tsprodukten. Kein Wunder also, dass die Mehrzahl unserer Lieferanten namhafte deutsche Erzeuger der Region sind und Grunder Gourmet seit Jahren beliefern.<\/p><p>Denn hohe Qualit\u00e4t, Geschmack und Frische sind f\u00fcr uns die Grundvoraussetzungen unserer bew\u00e4hrten Catering-Konzepte.<\/p>\t\t\t\t\t\t\t\t<\/div>\n\t\t\t\t<\/div>\n\t\t\t\t\t<\/div>\n\t\t<\/div>\n\t\t\t\t\t<\/div>\n\t\t<\/section>\n\t\t\t\t<\/div>","protected":false},"excerpt":{"rendered":"<p>Grunders Hofgut Menschenhaus Tagungen und Konferenzen im Saarland Grunder Gourmet ist Ihr starker Partner f\u00fcr Tagungen, Seminare, Konferenzen, Incentives, Corporate<\/p>","protected":false},"author":1,"featured_media":0,"parent":0,"menu_order":0,"comment_status":"closed","ping_status":"closed","template":"","meta":{"footnotes":""},"class_list":["post-9013","page","type-page","status-publish","hentry"],"_links":{"self":[{"href":"https:\/\/hofgut-menschenhaus.de\/en_en\/wp-json\/wp\/v2\/pages\/9013","targetHints":{"allow":["GET"]}}],"collection":[{"href":"https:\/\/hofgut-menschenhaus.de\/en_en\/wp-json\/wp\/v2\/pages"}],"about":[{"href":"https:\/\/hofgut-menschenhaus.de\/en_en\/wp-json\/wp\/v2\/types\/page"}],"author":[{"embeddable":true,"href":"https:\/\/hofgut-menschenhaus.de\/en_en\/wp-json\/wp\/v2\/users\/1"}],"replies":[{"embeddable":true,"href":"https:\/\/hofgut-menschenhaus.de\/en_en\/wp-json\/wp\/v2\/comments?post=9013"}],"version-history":[{"count":4,"href":"https:\/\/hofgut-menschenhaus.de\/en_en\/wp-json\/wp\/v2\/pages\/9013\/revisions"}],"predecessor-version":[{"id":9017,"href":"https:\/\/hofgut-menschenhaus.de\/en_en\/wp-json\/wp\/v2\/pages\/9013\/revisions\/9017"}],"wp:attachment":[{"href":"https:\/\/hofgut-menschenhaus.de\/en_en\/wp-json\/wp\/v2\/media?parent=9013"}],"curies":[{"name":"wp","href":"https:\/\/api.w.org\/{rel}","templated":true}]}}